{"id":122,"date":"2022-04-03T18:27:11","date_gmt":"2022-04-03T16:27:11","guid":{"rendered":"https:\/\/www.xn--hgsbyhstsportklubb-qtb86a.online\/?page_id=122"},"modified":"2026-03-19T09:01:19","modified_gmt":"2026-03-19T07:01:19","slug":"kalender","status":"publish","type":"page","link":"https:\/\/www.xn--hgsbyhstsportklubb-qtb86a.online\/?page_id=122","title":{"rendered":"Kalender"},"content":{"rendered":"\n<p>I dagsl\u00e4get \u00e4r ridhuset bokat f\u00f6r Jennie Kjellgren tr\u00e4ning, s\u00f6ndagar j\u00e4mna veckor. \u00d6vrig tid \u00e4r ridhuset fritt att nyttja.<\/p>\n\n\n\n<p><\/p>\n\n\n\n<p>Nedan har ni kalender med bokningar, en enkel \u00f6versikt f\u00f6r att se tillg\u00e4nglighet p\u00e5 anl\u00e4ggningen.<\/p>\n\n\n\n<p>S\u00f6ndag-onsdag \u00e4r det helt okej att l\u00e4mna bommar\/hinder framme p\u00e5 en av banorna. Vill man d\u00e5 rida utan dessa, \u00e4r alltid ridhuset eller ridbanan tom p\u00e5 hindermaterial. <\/p>\n\n\n\n<p>Datum som ridhuset \u00e4r bokat<\/p>\n\n\n\n<p><\/p>\n\n\n\n<p>22\/3 15-18,00 JENNIE<\/p>\n\n\n\n<p>OBS 29\/3 Anl\u00e4ggningen uthyrd till Dreverklubben i Kalmar l\u00e4n!<\/p>\n\n\n\n<p>5\/4  15-18,00 JENNIE<\/p>\n\n\n\n<p>19\/4 15-18,00 JENNIE<\/p>\n\n\n\n<p>3\/5 15-18,00 Jennie<\/p>\n\n\n\n<p><\/p>\n\n\n\n<p><\/p>\n","protected":false},"excerpt":{"rendered":"<p>I dagsl\u00e4get \u00e4r ridhuset bokat f\u00f6r Jennie Kjellgren tr\u00e4ning, s\u00f6ndagar j\u00e4mna veckor. \u00d6vrig tid \u00e4r ridhuset fritt att nyttja. Nedan &hellip; <a href=\"https:\/\/www.xn--hgsbyhstsportklubb-qtb86a.online\/?page_id=122\" class=\"more-link\">Forts\u00e4tt l\u00e4sa <span class=\"screen-reader-text\">Kalender<\/span><\/a><\/p>\n","protected":false},"author":1,"featured_media":0,"parent":0,"menu_order":0,"comment_status":"closed","ping_status":"closed","template":"","meta":{"footnotes":""},"class_list":["post-122","page","type-page","status-publish","hentry"],"_links":{"self":[{"href":"https:\/\/www.xn--hgsbyhstsportklubb-qtb86a.online\/index.php?rest_route=\/wp\/v2\/pages\/122","targetHints":{"allow":["GET"]}}],"collection":[{"href":"https:\/\/www.xn--hgsbyhstsportklubb-qtb86a.online\/index.php?rest_route=\/wp\/v2\/pages"}],"about":[{"href":"https:\/\/www.xn--hgsbyhstsportklubb-qtb86a.online\/index.php?rest_route=\/wp\/v2\/types\/page"}],"author":[{"embeddable":true,"href":"https:\/\/www.xn--hgsbyhstsportklubb-qtb86a.online\/index.php?rest_route=\/wp\/v2\/users\/1"}],"replies":[{"embeddable":true,"href":"https:\/\/www.xn--hgsbyhstsportklubb-qtb86a.online\/index.php?rest_route=%2Fwp%2Fv2%2Fcomments&post=122"}],"version-history":[{"count":13,"href":"https:\/\/www.xn--hgsbyhstsportklubb-qtb86a.online\/index.php?rest_route=\/wp\/v2\/pages\/122\/revisions"}],"predecessor-version":[{"id":447,"href":"https:\/\/www.xn--hgsbyhstsportklubb-qtb86a.online\/index.php?rest_route=\/wp\/v2\/pages\/122\/revisions\/447"}],"wp:attachment":[{"href":"https:\/\/www.xn--hgsbyhstsportklubb-qtb86a.online\/index.php?rest_route=%2Fwp%2Fv2%2Fmedia&parent=122"}],"curies":[{"name":"wp","href":"https:\/\/api.w.org\/{rel}","templated":true}]}}