{"id":15,"date":"2022-04-01T15:30:17","date_gmt":"2022-04-01T13:30:17","guid":{"rendered":"https:\/\/www.xn--hgsbyhstsportklubb-qtb86a.online\/?page_id=15"},"modified":"2026-03-19T09:03:42","modified_gmt":"2026-03-19T07:03:42","slug":"kontakt","status":"publish","type":"page","link":"https:\/\/www.xn--hgsbyhstsportklubb-qtb86a.online\/?page_id=15","title":{"rendered":"Kontakt"},"content":{"rendered":"\n<p class=\"has-medium-font-size\">Beh\u00f6ver du kontakta oss? Du n\u00e5r oss via mail p\u00e5 <strong>hogsbyhastsportklubb@outlook.com<\/strong>, via Facebook eller varf\u00f6r inte med hj\u00e4lp av v\u00e5r Instagram, hogsbyhastsportklubb?<\/p>\n\n\n\n<p>F\u00f6r kontakt med specifik medlem i styrelsen, se nedan. <\/p>\n\n\n\n<p><\/p>\n\n\n\n<hr class=\"wp-block-separator has-text-color has-black-color has-css-opacity has-black-background-color has-background is-style-wide\"\/>\n\n\n\n<h2 class=\"wp-block-heading has-text-align-center\">Styrelse 2026<\/h2>\n\n\n\n<p class=\"has-text-align-left\"><\/p>\n\n\n\n<p class=\"has-text-align-left\"><strong>Ordf\u00f6rande:<\/strong> Ida M\u00f6rstam 070-2126206<\/p>\n\n\n\n<p class=\"has-text-align-left\"><strong>Kass\u00f6r:<\/strong> Annetthe Bodin Nilsson 070-5334036<\/p>\n\n\n\n<p class=\"has-text-align-left\"><strong>Sekreterare:<\/strong> Julia Nilsson <\/p>\n\n\n\n<p class=\"has-text-align-left\"><strong>Ledamot:<\/strong> Anna Larsson 070-2585603<\/p>\n\n\n\n<p class=\"has-text-align-left\"><strong>Ledamot:<\/strong> Kerstin Ericsson<\/p>\n\n\n\n<p class=\"has-text-align-left\"><strong>Suppleant:<\/strong> Jennifer Wisfelt <\/p>\n\n\n\n<p class=\"has-text-align-left\"><strong>Suppleant:<\/strong> Camilla Ericsson<\/p>\n\n\n\n\n\n<hr class=\"wp-block-separator has-text-color has-black-color has-css-opacity has-black-background-color has-background is-style-wide\"\/>\n\n\n\n<figure class=\"wp-block-table is-style-regular\"><table  class=\" table table-hover\" ><tbody><tr><td>Postadress:<\/td><td>Horns\u00f6 Stora Nybygget 201<br>38491 Blomsterm\u00e5la<\/td><\/tr><tr><td>E-post:<\/td><td>hogsbyhastsportklubb@outlook.com<\/td><\/tr><tr><td>Bildad:<\/td><td>1995-01-01<\/td><\/tr><tr><td>Organisationsnummer;<\/td><td>802422-4779<\/td><\/tr><tr><td>Bankgiro:<\/td><td>5826-1231<\/td><\/tr><tr><td>Swish:<\/td><td>1235534250<\/td><\/tr><tr><td>F\u00f6reningsnummer:<\/td><td>33641-48<\/td><\/tr><\/tbody><\/table><\/figure>\n\n\n\n<p><\/p>\n","protected":false},"excerpt":{"rendered":"<p>Beh\u00f6ver du kontakta oss? Du n\u00e5r oss via mail p\u00e5 hogsbyhastsportklubb@outlook.com, via Facebook eller varf\u00f6r inte med hj\u00e4lp av v\u00e5r &hellip; <a href=\"https:\/\/www.xn--hgsbyhstsportklubb-qtb86a.online\/?page_id=15\" class=\"more-link\">Forts\u00e4tt l\u00e4sa <span class=\"screen-reader-text\">Kontakt<\/span><\/a><\/p>\n","protected":false},"author":1,"featured_media":0,"parent":0,"menu_order":0,"comment_status":"closed","ping_status":"closed","template":"","meta":{"footnotes":""},"class_list":["post-15","page","type-page","status-publish","hentry"],"_links":{"self":[{"href":"https:\/\/www.xn--hgsbyhstsportklubb-qtb86a.online\/index.php?rest_route=\/wp\/v2\/pages\/15","targetHints":{"allow":["GET"]}}],"collection":[{"href":"https:\/\/www.xn--hgsbyhstsportklubb-qtb86a.online\/index.php?rest_route=\/wp\/v2\/pages"}],"about":[{"href":"https:\/\/www.xn--hgsbyhstsportklubb-qtb86a.online\/index.php?rest_route=\/wp\/v2\/types\/page"}],"author":[{"embeddable":true,"href":"https:\/\/www.xn--hgsbyhstsportklubb-qtb86a.online\/index.php?rest_route=\/wp\/v2\/users\/1"}],"replies":[{"embeddable":true,"href":"https:\/\/www.xn--hgsbyhstsportklubb-qtb86a.online\/index.php?rest_route=%2Fwp%2Fv2%2Fcomments&post=15"}],"version-history":[{"count":10,"href":"https:\/\/www.xn--hgsbyhstsportklubb-qtb86a.online\/index.php?rest_route=\/wp\/v2\/pages\/15\/revisions"}],"predecessor-version":[{"id":449,"href":"https:\/\/www.xn--hgsbyhstsportklubb-qtb86a.online\/index.php?rest_route=\/wp\/v2\/pages\/15\/revisions\/449"}],"wp:attachment":[{"href":"https:\/\/www.xn--hgsbyhstsportklubb-qtb86a.online\/index.php?rest_route=%2Fwp%2Fv2%2Fmedia&parent=15"}],"curies":[{"name":"wp","href":"https:\/\/api.w.org\/{rel}","templated":true}]}}