{"id":154,"date":"2022-04-03T19:59:28","date_gmt":"2022-04-03T17:59:28","guid":{"rendered":"https:\/\/www.xn--hgsbyhstsportklubb-qtb86a.online\/?page_id=154"},"modified":"2025-01-19T19:28:01","modified_gmt":"2025-01-19T17:28:01","slug":"hyra-anlaggningen","status":"publish","type":"page","link":"https:\/\/www.xn--hgsbyhstsportklubb-qtb86a.online\/?page_id=154","title":{"rendered":"Hyra anl\u00e4ggningen"},"content":{"rendered":"\n<p>Det g\u00e5r bra att hyra anl\u00e4ggningen, eller delar av anl\u00e4ggningen. <\/p>\n\n\n\n<p>Vid hyra av ridhuset, uteridbanan, boxar eller klubbstugan kontakta Ida eller Jennifer.<\/p>\n\n\n\n<h2 class=\"wp-block-heading has-text-align-center\">Avgifter vid uthyrning <\/h2>\n\n\n\n<figure class=\"wp-block-table\"><table  class=\" table table-hover\" ><tbody><tr><td>Klubbstugan<\/td><td>350 kronor\/h<\/td><\/tr><tr><td>Ridhus<\/td><td>350 kronor\/h<\/td><\/tr><tr><td>Ridbana<\/td><td>200 kronor\/h<\/td><\/tr><tr><td>Uteboxar<\/td><td>50 kronor\/box<\/td><\/tr><tr><td>Hela anl\u00e4ggningen<\/td><td>2500 kronor\/dygn<\/td><\/tr><\/tbody><\/table><\/figure>\n\n\n\n<p>All bokning ska ske minst 48 timmar i f\u00f6rv\u00e4g. Vid hyra av hela anl\u00e4ggningen del av dag, kan vi g\u00f6ra en \u00f6verenskommelse g\u00e4llande detta.<\/p>\n\n\n<div class=\"wp-block-image\">\n<figure class=\"aligncenter size-full is-resized\"><img loading=\"lazy\" decoding=\"async\" width=\"225\" height=\"225\" src=\"https:\/\/www.xn--hgsbyhstsportklubb-qtb86a.online\/wp-content\/uploads\/2022\/04\/Ridhus.jpg\" alt=\"\" class=\"wp-image-155\" style=\"width:469px;height:469px\" srcset=\"https:\/\/www.xn--hgsbyhstsportklubb-qtb86a.online\/wp-content\/uploads\/2022\/04\/Ridhus.jpg 225w, https:\/\/www.xn--hgsbyhstsportklubb-qtb86a.online\/wp-content\/uploads\/2022\/04\/Ridhus-150x150.jpg 150w, https:\/\/www.xn--hgsbyhstsportklubb-qtb86a.online\/wp-content\/uploads\/2022\/04\/Ridhus-116x116.jpg 116w\" sizes=\"auto, (max-width: 225px) 100vw, 225px\" \/><\/figure>\n<\/div>","protected":false},"excerpt":{"rendered":"<p>Det g\u00e5r bra att hyra anl\u00e4ggningen, eller delar av anl\u00e4ggningen. Vid hyra av ridhuset, uteridbanan, boxar eller klubbstugan kontakta Ida &hellip; <a href=\"https:\/\/www.xn--hgsbyhstsportklubb-qtb86a.online\/?page_id=154\" class=\"more-link\">Forts\u00e4tt l\u00e4sa <span class=\"screen-reader-text\">Hyra anl\u00e4ggningen<\/span><\/a><\/p>\n","protected":false},"author":1,"featured_media":0,"parent":0,"menu_order":0,"comment_status":"closed","ping_status":"closed","template":"","meta":{"footnotes":""},"class_list":["post-154","page","type-page","status-publish","hentry"],"_links":{"self":[{"href":"https:\/\/www.xn--hgsbyhstsportklubb-qtb86a.online\/index.php?rest_route=\/wp\/v2\/pages\/154","targetHints":{"allow":["GET"]}}],"collection":[{"href":"https:\/\/www.xn--hgsbyhstsportklubb-qtb86a.online\/index.php?rest_route=\/wp\/v2\/pages"}],"about":[{"href":"https:\/\/www.xn--hgsbyhstsportklubb-qtb86a.online\/index.php?rest_route=\/wp\/v2\/types\/page"}],"author":[{"embeddable":true,"href":"https:\/\/www.xn--hgsbyhstsportklubb-qtb86a.online\/index.php?rest_route=\/wp\/v2\/users\/1"}],"replies":[{"embeddable":true,"href":"https:\/\/www.xn--hgsbyhstsportklubb-qtb86a.online\/index.php?rest_route=%2Fwp%2Fv2%2Fcomments&post=154"}],"version-history":[{"count":5,"href":"https:\/\/www.xn--hgsbyhstsportklubb-qtb86a.online\/index.php?rest_route=\/wp\/v2\/pages\/154\/revisions"}],"predecessor-version":[{"id":399,"href":"https:\/\/www.xn--hgsbyhstsportklubb-qtb86a.online\/index.php?rest_route=\/wp\/v2\/pages\/154\/revisions\/399"}],"wp:attachment":[{"href":"https:\/\/www.xn--hgsbyhstsportklubb-qtb86a.online\/index.php?rest_route=%2Fwp%2Fv2%2Fmedia&parent=154"}],"curies":[{"name":"wp","href":"https:\/\/api.w.org\/{rel}","templated":true}]}}