{"id":330,"date":"2023-12-04T16:19:56","date_gmt":"2023-12-04T14:19:56","guid":{"rendered":"https:\/\/www.xn--hgsbyhstsportklubb-qtb86a.online\/?page_id=330"},"modified":"2023-12-04T16:34:24","modified_gmt":"2023-12-04T14:34:24","slug":"vardegrund","status":"publish","type":"page","link":"https:\/\/www.xn--hgsbyhstsportklubb-qtb86a.online\/?page_id=330","title":{"rendered":"V\u00e4rdegrund"},"content":{"rendered":"\n<p class=\"has-medium-font-size\"><strong><mark style=\"background-color:rgba(0, 0, 0, 0)\" class=\"has-inline-color has-vivid-green-cyan-color\">H<\/mark><mark style=\"background-color:rgba(0, 0, 0, 0)\" class=\"has-inline-color has-black-color\">\u00e4sten i centrum<\/mark><\/strong><\/p>\n\n\n\n<p>Vi m\u00e5nar om h\u00e4stens v\u00e4lm\u00e5ende och s\u00e4tter h\u00e4sten fr\u00e4mst.<\/p>\n\n\n\n<p class=\"has-medium-font-size\"><strong><mark style=\"background-color:rgba(0, 0, 0, 0)\" class=\"has-inline-color has-luminous-vivid-orange-color\">\u00d6<\/mark><mark style=\"background-color:rgba(0, 0, 0, 0)\" class=\"has-inline-color has-black-color\">dmjukhet<\/mark><\/strong><\/p>\n\n\n\n<p>Vi \u00e4r \u00f6dmjuka och respekterar alla f\u00f6r dem vi \u00e4r, vi v\u00e4rnar om m\u00e5ngfalden!<\/p>\n\n\n\n<p class=\"has-medium-font-size\"><mark style=\"background-color:rgba(0, 0, 0, 0)\" class=\"has-inline-color has-vivid-cyan-blue-color\"><strong>G<\/strong><\/mark><strong><mark style=\"background-color:rgba(0, 0, 0, 0)\" class=\"has-inline-color has-black-color\">l\u00e4dje och gemenskap<\/mark><\/strong><\/p>\n\n\n\n<p>Alla ska k\u00e4nna sig och vara v\u00e4lkomna hos oss.<\/p>\n\n\n\n<p class=\"has-medium-font-size\"><strong><mark style=\"background-color:rgba(0, 0, 0, 0)\" class=\"has-inline-color has-luminous-vivid-amber-color\">S<\/mark><mark style=\"background-color:rgba(0, 0, 0, 0)\" class=\"has-inline-color has-black-color\">ammanh\u00e5llning<\/mark><\/strong><\/p>\n\n\n\n<p>Vi hj\u00e4lper och st\u00f6ttar varandra, b\u00e5de inom klubben och med andra utanf\u00f6r!<\/p>\n\n\n\n<p class=\"has-medium-font-size\"><strong><mark style=\"background-color:rgba(0, 0, 0, 0)\" class=\"has-inline-color has-vivid-red-color\">B<\/mark><mark style=\"background-color:rgba(0, 0, 0, 0)\" class=\"has-inline-color has-black-color\">em\u00f6tande<\/mark><\/strong><\/p>\n\n\n\n<p>Vi h\u00e4lsar p\u00e5 varandra och t\u00e4nker p\u00e5 att bem\u00f6ta andra s\u00e5 som vi sj\u00e4lva vill bli bem\u00f6tta.<\/p>\n\n\n\n<p class=\"has-medium-font-size\"><mark style=\"background-color:rgba(0, 0, 0, 0)\" class=\"has-inline-color has-vivid-purple-color\"><strong>Y<\/strong><\/mark><strong><mark style=\"background-color:rgba(0, 0, 0, 0)\" class=\"has-inline-color has-black-color\">tor<\/mark><\/strong><\/p>\n\n\n\n<p>Vi hj\u00e4lps \u00e5t att ta ansvar f\u00f6r v\u00e5r anl\u00e4ggning, vi plockar undan efter oss och h\u00e5ller HHSK rent och snyggt!<\/p>\n","protected":false},"excerpt":{"rendered":"<p>H\u00e4sten i centrum Vi m\u00e5nar om h\u00e4stens v\u00e4lm\u00e5ende och s\u00e4tter h\u00e4sten fr\u00e4mst. \u00d6dmjukhet Vi \u00e4r \u00f6dmjuka och respekterar alla f\u00f6r &hellip; <a href=\"https:\/\/www.xn--hgsbyhstsportklubb-qtb86a.online\/?page_id=330\" class=\"more-link\">Forts\u00e4tt l\u00e4sa <span class=\"screen-reader-text\">V\u00e4rdegrund<\/span><\/a><\/p>\n","protected":false},"author":1,"featured_media":0,"parent":0,"menu_order":0,"comment_status":"closed","ping_status":"closed","template":"","meta":{"footnotes":""},"class_list":["post-330","page","type-page","status-publish","hentry"],"_links":{"self":[{"href":"https:\/\/www.xn--hgsbyhstsportklubb-qtb86a.online\/index.php?rest_route=\/wp\/v2\/pages\/330","targetHints":{"allow":["GET"]}}],"collection":[{"href":"https:\/\/www.xn--hgsbyhstsportklubb-qtb86a.online\/index.php?rest_route=\/wp\/v2\/pages"}],"about":[{"href":"https:\/\/www.xn--hgsbyhstsportklubb-qtb86a.online\/index.php?rest_route=\/wp\/v2\/types\/page"}],"author":[{"embeddable":true,"href":"https:\/\/www.xn--hgsbyhstsportklubb-qtb86a.online\/index.php?rest_route=\/wp\/v2\/users\/1"}],"replies":[{"embeddable":true,"href":"https:\/\/www.xn--hgsbyhstsportklubb-qtb86a.online\/index.php?rest_route=%2Fwp%2Fv2%2Fcomments&post=330"}],"version-history":[{"count":3,"href":"https:\/\/www.xn--hgsbyhstsportklubb-qtb86a.online\/index.php?rest_route=\/wp\/v2\/pages\/330\/revisions"}],"predecessor-version":[{"id":341,"href":"https:\/\/www.xn--hgsbyhstsportklubb-qtb86a.online\/index.php?rest_route=\/wp\/v2\/pages\/330\/revisions\/341"}],"wp:attachment":[{"href":"https:\/\/www.xn--hgsbyhstsportklubb-qtb86a.online\/index.php?rest_route=%2Fwp%2Fv2%2Fmedia&parent=330"}],"curies":[{"name":"wp","href":"https:\/\/api.w.org\/{rel}","templated":true}]}}